{"id":42,"date":"2020-01-15T21:48:05","date_gmt":"2020-01-15T21:48:05","guid":{"rendered":"https:\/\/subvento.es\/?page_id=42"},"modified":"2020-05-11T17:07:33","modified_gmt":"2020-05-11T17:07:33","slug":"politica-de-cookies","status":"publish","type":"page","link":"https:\/\/subvento.es\/ca\/politica-de-cookies\/","title":{"rendered":"Galetes pol\u00edtica"},"content":{"rendered":"<style type=\"text\/css\" data-created_by=\"avia_inline_auto\" id=\"style-css-av-pj3a-abc5d34a5d8c2192efd9736fb4ce827b\">\n.flex_column.av-pj3a-abc5d34a5d8c2192efd9736fb4ce827b{\nborder-radius:0px 0px 0px 0px;\npadding:0px 0px 0px 0px;\n}\n<\/style>\n<div  class='flex_column av-pj3a-abc5d34a5d8c2192efd9736fb4ce827b av_one_full  avia-builder-el-0  avia-builder-el-no-sibling  first flex_column_div av-zero-column-padding'     ><p>\n<style type=\"text\/css\" data-created_by=\"avia_inline_auto\" id=\"style-css-av-k5vmw3dg-049f2361a255122f3f6f7712fd855ad8\">\n#top .hr.hr-invisible.av-k5vmw3dg-049f2361a255122f3f6f7712fd855ad8{\nheight:80px;\n}\n<\/style>\n<div  class='hr av-k5vmw3dg-049f2361a255122f3f6f7712fd855ad8 hr-invisible  avia-builder-el-1  el_before_av_textblock  avia-builder-el-first  av-desktop-hide'><span class='hr-inner'><span class=\"hr-inner-style\"><\/span><\/span><\/div><br \/>\n\n<style type=\"text\/css\" data-created_by=\"avia_inline_auto\" id=\"style-css-av-k5vmo176-408eb37225a76e672524448da25db73f\">\n#top .av_textblock_section.av-k5vmo176-408eb37225a76e672524448da25db73f .avia_textblock{\nfont-size:16px;\n}\n<\/style>\n<section  class='av_textblock_section av-k5vmo176-408eb37225a76e672524448da25db73f'   itemscope=\"itemscope\" itemtype=\"https:\/\/schema.org\/CreativeWork\" ><div class='avia_textblock'  itemprop=\"text\" ><p><b>POL\u00cdTICA DE COOKIES<\/b><\/p>\n<p>La presente pol\u00edtica de cookies tiene por finalidad informarle de manera clara y precisa sobre las cookies que se utilizan en la p\u00e1gina web de SUBVENTO INNOVATION MANAGEMENT SL<\/p>\n<p><b>\u00bfQu\u00e9 son las cookies?<\/b><\/p>\n<p>Una cookie es un peque\u00f1o fragmento de texto que los sitios web que visita env\u00edan al navegador y que permite que el sitio web recuerde informaci\u00f3n sobre su visita, como su idioma preferido y otras opciones, con el fin de facilitar su pr\u00f3xima visita y hacer que el sitio le resulte m\u00e1s \u00fatil. Las cookies desempe\u00f1an un papel muy importante y contribuyen a tener una mejor experiencia de navegaci\u00f3n para el usuario.<\/p>\n<p><b>Tipos de cookies<\/b><\/p>\n<p>Seg\u00fan qui\u00e9n sea la entidad que gestione el dominio desde d\u00f3nde se env\u00edan las cookies y se traten los datos que se obtengan, se pueden distinguir dos tipos: cookies propias y cookies de terceros.<\/p>\n<p>Existe tambi\u00e9n una segunda clasificaci\u00f3n seg\u00fan el plazo de tiempo que permanecen almacenadas en el navegador del cliente, pudiendo tratarse de cookies de sesi\u00f3n o cookies persistentes.<\/p>\n<p>Por \u00faltimo, existe otra clasificaci\u00f3n con cinco tipos de cookies seg\u00fan la finalidad para la que se traten los datos obtenidos: cookies t\u00e9cnicas, cookies de personalizaci\u00f3n, cookies de an\u00e1lisis, cookies publicitarias y cookies de publicidad comportamental.<\/p>\n<p>Para m\u00e1s informaci\u00f3n a este respecto puede consultar la Gu\u00eda sobre el uso de las cookies de la Agencia Espa\u00f1ola de Protecci\u00f3n de Datos.<\/p>\n<p><b>Cookies utilizadas en la web<\/b><\/p>\n<p>A continuaci\u00f3n se identifican las cookies que est\u00e1n siendo utilizadas en esta p\u00e1gina web, as\u00ed como su tipolog\u00eda y funci\u00f3n:<\/p>\n<p>La p\u00e1gina web SUBVENTO INNOVATION MANAGEMENT SL utiliza Google Analytics, un servicio de anal\u00edtica web desarrollada por Google, que permite la medici\u00f3n y an\u00e1lisis de la navegaci\u00f3n en las p\u00e1ginas web. En su navegador podr\u00e1 observar cookies de este servicio. Seg\u00fan la tipolog\u00eda anterior se trata de cookies propias, de sesi\u00f3n y de an\u00e1lisis.<\/p>\n<p>A trav\u00e9s de la anal\u00edtica web se obtiene informaci\u00f3n relativa al n\u00famero de usuarios que acceden a la web, el n\u00famero de p\u00e1ginas vistas, la frecuencia y repetici\u00f3n de las visitas, su duraci\u00f3n, el navegador utilizado, el operador que presta el servicio, el idioma, el terminal que utiliza y la ciudad a la que est\u00e1 asignada su direcci\u00f3n IP. Informaci\u00f3n que posibilita un mejor y m\u00e1s apropiado servicio por parte de este portal.<\/p>\n<p>Para garantizar el anonimato, Google convertir\u00e1 su informaci\u00f3n en an\u00f3nima truncando la direcci\u00f3n IP antes de almacenarla, de forma que Google Analytics no se usa para localizar o recabar informaci\u00f3n personal identificable de los visitantes del sitio. Google solo podr\u00e1 enviar la informaci\u00f3n recabada por Google Analytics a terceros cuanto est\u00e9 legalmente obligado a ello. Con arreglo a las condiciones de prestaci\u00f3n del servicio de Google Analytics, Google no asociar\u00e1 su direcci\u00f3n IP a ning\u00fan otro dato conservado por Google.<\/p>\n<p><b>Aceptaci\u00f3n de la pol\u00edtica de cookies<\/b><\/p>\n<p>Pulsando el bot\u00f3n <i>Entendido<\/i> se asume que usted acepta el uso de cookies.<\/p>\n<p><b>C\u00f3mo modificar la configuraci\u00f3n de las cookies<\/b><\/p>\n<p>Usted puede restringir, bloquear o borrar las cookies del Ministerio del Interior o cualquier otra p\u00e1gina web utilizando su navegador. En cada navegador la operativa es diferente, la funci\u00f3n de \u00abAyuda\u00bb le mostrar\u00e1 c\u00f3mo hacerlo.<\/p>\n<\/div><\/section><\/p><\/div>","protected":false},"excerpt":{"rendered":"","protected":false},"author":1,"featured_media":0,"parent":0,"menu_order":0,"comment_status":"closed","ping_status":"closed","template":"","meta":{"footnotes":""},"class_list":["post-42","page","type-page","status-publish","hentry"],"aioseo_notices":[],"_links":{"self":[{"href":"https:\/\/subvento.es\/ca\/wp-json\/wp\/v2\/pages\/42","targetHints":{"allow":["GET"]}}],"collection":[{"href":"https:\/\/subvento.es\/ca\/wp-json\/wp\/v2\/pages"}],"about":[{"href":"https:\/\/subvento.es\/ca\/wp-json\/wp\/v2\/types\/page"}],"author":[{"embeddable":true,"href":"https:\/\/subvento.es\/ca\/wp-json\/wp\/v2\/users\/1"}],"replies":[{"embeddable":true,"href":"https:\/\/subvento.es\/ca\/wp-json\/wp\/v2\/comments?post=42"}],"version-history":[{"count":8,"href":"https:\/\/subvento.es\/ca\/wp-json\/wp\/v2\/pages\/42\/revisions"}],"predecessor-version":[{"id":1162,"href":"https:\/\/subvento.es\/ca\/wp-json\/wp\/v2\/pages\/42\/revisions\/1162"}],"wp:attachment":[{"href":"https:\/\/subvento.es\/ca\/wp-json\/wp\/v2\/media?parent=42"}],"curies":[{"name":"wp","href":"https:\/\/api.w.org\/{rel}","templated":true}]}}