{"id":45,"date":"2020-01-15T21:49:04","date_gmt":"2020-01-15T21:49:04","guid":{"rendered":"https:\/\/subvento.es\/?page_id=45"},"modified":"2020-05-14T08:53:51","modified_gmt":"2020-05-14T08:53:51","slug":"aviso-legal-politica-de-privacidad","status":"publish","type":"page","link":"https:\/\/subvento.es\/es\/aviso-legal-politica-de-privacidad\/","title":{"rendered":"Aviso Legal y Pol\u00edtica de privacidad"},"content":{"rendered":"\n<style type=\"text\/css\" data-created_by=\"avia_inline_auto\" id=\"style-css-av-urd5-6b4e9e9e2271956d66a34b8ecc81517b\">\n.flex_column.av-urd5-6b4e9e9e2271956d66a34b8ecc81517b{\nborder-radius:0px 0px 0px 0px;\npadding:0px 0px 0px 0px;\n}\n<\/style>\n<div  class='flex_column av-urd5-6b4e9e9e2271956d66a34b8ecc81517b av_one_full  avia-builder-el-0  avia-builder-el-no-sibling  first flex_column_div av-zero-column-padding  '     ><p>\n<style type=\"text\/css\" data-created_by=\"avia_inline_auto\" id=\"style-css-av-k5vmvjf5-fd13d7602a535516102750c5cbc772c7\">\n#top .hr.hr-invisible.av-k5vmvjf5-fd13d7602a535516102750c5cbc772c7{\nheight:80px;\n}\n<\/style>\n<div  class='hr av-k5vmvjf5-fd13d7602a535516102750c5cbc772c7 hr-invisible  avia-builder-el-1  el_before_av_textblock  avia-builder-el-first  av-desktop-hide'><span class='hr-inner '><span class=\"hr-inner-style\"><\/span><\/span><\/div><br \/>\n\n<style type=\"text\/css\" data-created_by=\"avia_inline_auto\" id=\"style-css-av-k5vmsc1j-e76c2639b9f3d59d653b4a4973fcf01d\">\n#top .av_textblock_section.av-k5vmsc1j-e76c2639b9f3d59d653b4a4973fcf01d .avia_textblock{\nfont-size:16px;\n}\n<\/style>\n<section  class='av_textblock_section av-k5vmsc1j-e76c2639b9f3d59d653b4a4973fcf01d '   itemscope=\"itemscope\" itemtype=\"https:\/\/schema.org\/CreativeWork\" ><div class='avia_textblock'  itemprop=\"text\" ><p><b>AVISO LEGAL Y POL\u00cdTICA DE PRIVACIDAD\u00a0<\/b><\/p>\n<p><span style=\"font-weight: 400;\">IDENTIFICACI\u00d3N<\/span><\/p>\n<p><span style=\"font-weight: 400;\">En cumplimiento con el deber de informaci\u00f3n recogido en art\u00edculo 10 de la Ley 34\/2002, de 11 de julio, de Servicios de la Sociedad de la Informaci\u00f3n y del Comercio Electr\u00f3nico, SUBVENTO INNOVATION MANAGEMENT SL le informa que los datos aqu\u00ed consignados corresponden a la entidad titular del sitio web https:\/\/subvento.es\/<\/span><\/p>\n<p><span style=\"font-weight: 400;\">Denominaci\u00f3n: SUBVENTO INNOVATION MANAGEMENT, SL<\/span><\/p>\n<p><span style=\"font-weight: 400;\">Identidad: SUBVENTO INNOVATION MANAGEMENT, SL &#8211; NIF: NIF B64445562\u00a0\u00a0<\/span><\/p>\n<p><span style=\"font-weight: 400;\">Direcci\u00f3n postal: Llacuna, 10 08005 BARCELONA<\/span><\/p>\n<p><span style=\"font-weight: 400;\">Tel\u00e9fono: +34\/934853803\u00a0<\/span><\/p>\n<p><span style=\"font-weight: 400;\">Correo electr\u00f3nico: info@subvento.es<\/span><\/p>\n<p><span style=\"font-weight: 400;\">PROPIEDAD INTELECTUAL E INDUSTRIAL<\/span><\/p>\n<p><span style=\"font-weight: 400;\">Todos los derechos de Propiedad Industrial e Intelectual de la totalidad de elementos contenidos en esta Web, incluidas las marcas comerciales, formatos, dise\u00f1os gr\u00e1ficos, textos, im\u00e1genes y documentos, pertenecen a SUBVENTO INNOVATION MANAGEMENT, SL y se encuentran protegidos por las leyes espa\u00f1olas e internacionales sobre propiedad Intelectual e Industrial. Queda expresamente prohibida la reproducci\u00f3n total o parcial de este sitio Web y de cualquiera de sus contenidos sin el permiso expreso y por escrito de SUBVENTO INNOVATION MANAGEMENT, SL.<\/span><\/p>\n<p><span style=\"font-weight: 400;\">El acceso al sitio web no implica ning\u00fan tipo de renuncia, transmisi\u00f3n, licencia o cesi\u00f3n de dichos derechos por parte de SUBVENTO INNOVATION MANAGEMENT, SL, salvo que se establezca expresamente lo contrario.<\/span><\/p>\n<p><span style=\"font-weight: 400;\">T\u00c9RMINOS Y CONDICIONES DE USO<\/span><\/p>\n<p><span style=\"font-weight: 400;\">El acceso a este sitio Web implica la aceptaci\u00f3n de estas condiciones de uso sin reservas que regulan el acceso y la utilizaci\u00f3n del mismo con el fin de poner a disposici\u00f3n de los usuarios informaci\u00f3n sobre nuestros productos y servicios.<\/span><\/p>\n<p><span style=\"font-weight: 400;\">Se proh\u00edbe expresamente la utilizaci\u00f3n de los contenidos de este sitio Web para su utilizaci\u00f3n con fines comerciales o para su distribuci\u00f3n, transformaci\u00f3n o comunicaci\u00f3n.<\/span><\/p>\n<p><span style=\"font-weight: 400;\">SUBVENTO INNOVATION MANAGEMENT, SL, no responder\u00e1 de ninguna consecuencia, da\u00f1o o perjuicio que pudieran derivarse de dicha utilizaci\u00f3n o uso de la informaci\u00f3n.<\/span><\/p>\n<p><span style=\"font-weight: 400;\">Tanto el acceso a esta Web como el uso que pueda hacerse de la informaci\u00f3n contenida en la misma es de la exclusiva responsabilidad de quien lo realiza.<\/span><\/p>\n<p><span style=\"font-weight: 400;\">El usuario se obliga a no utilizar la informaci\u00f3n que se publica en esta Web con fines o efectos il\u00edcitos o lesivos, a no da\u00f1ar o inutilizar la informaci\u00f3n y a no realizar cualquier otra acci\u00f3n que puedan ser contraria al contenido de este Aviso Legal.<\/span><\/p>\n<p><span style=\"font-weight: 400;\">Las p\u00e1ginas de SUBVENTO INNOVATION MANAGEMENT, SL pueden contener enlaces (links) a otras p\u00e1ginas de terceros. SUBVENTO INNOVATION MANAGEMENT, SL no se hace responsable de los contenidos de esos sitios Web ni est\u00e1n cubiertas por el presente Aviso Legal. Si accede a estas p\u00e1ginas Webs deber\u00e1 tener en cuenta que sus pol\u00edticas de privacidad pueden ser diferentes a la nuestra.<\/span><\/p>\n<p><b>POL\u00cdTICA DE PROTECCI\u00d3N DE DATOS<\/b><\/p>\n<p><span style=\"font-weight: 400;\">En cumplimiento del REGLAMENTO (UE) 2016\/679 DEL PARLAMENTO EUROPEO Y DEL CONSEJO de 27 de Abril de 2016, relativo a la protecci\u00f3n de las personas f\u00edsicas en lo que respecta al tratamiento de datos personales y a la libre circulaci\u00f3n de estos datos y su normativa de desarrollo, se le informa que los datos personales proporcionados por usted ser\u00e1n tratados con las siguientes finalidades:<\/span><\/p>\n<p><span style=\"font-weight: 400;\">\u2013 Informarle acerca de nuestros productos y servicios, cuando as\u00ed lo solicite.<\/span><\/p>\n<p><span style=\"font-weight: 400;\">\u2013 Dar contestaci\u00f3n y gestionar sus consultas, comentarios y sugerencias, en su caso.<\/span><\/p>\n<p><span style=\"font-weight: 400;\">A trav\u00e9s de la cumplimentaci\u00f3n de formularios de contacto de la Web o mediante el env\u00edo de correos electr\u00f3nicos o cualquier otro tipo de solicitud de informaci\u00f3n remitida a SUBVENTO INNOVATION MANAGEMENT, SL, el interesado presta su consentimiento expreso para el tratamiento de sus datos personales.<\/span><\/p>\n<p><span style=\"font-weight: 400;\">En ning\u00fan caso SUBVENTO INNOVATION MANAGEMENT, SL, utilizar\u00e1 los datos personales de los interesados para fines distintos de los anteriormente mencionados.\u00a0<\/span><\/p>\n<p><span style=\"font-weight: 400;\">La base legal para el tratamiento de los datos de contacto obtenidos a trav\u00e9s de la presente p\u00e1gina web con los fines arriba indicados ser\u00e1 el consentimiento expreso prestado por el propio interesado. Asimismo, cuando el usuario solicite nuestros servicios, la base legal del tratamiento ser\u00e1 el cumplimiento de un contrato del que el interesado es parte.<\/span><\/p>\n<p><span style=\"font-weight: 400;\">Los datos personales de contacto facilitados mediante la presente p\u00e1gina web se conservar\u00e1n en nuestros registros durante un periodo de tres a\u00f1os. En relaci\u00f3n a los datos tratados para la prestaci\u00f3n de nuestros servicios, estos ser\u00e1n conservados mientras sea necesario para alcanzar dicho fin y puedan derivarse responsabilidades de su tratamiento.<\/span><\/p>\n<p><span style=\"font-weight: 400;\">No obstante, en cualquier momento usted puede solicitar mediante escrito acompa\u00f1ado de copia de documento oficial que le identifique, el acceso a sus datos personales y su rectificaci\u00f3n o supresi\u00f3n. As\u00ed como, limitar su tratamiento, o directamente oponerse al tratamiento o ejercer el derecho a la portabilidad de los mismos.<\/span><\/p>\n<p><span style=\"font-weight: 400;\">Tambi\u00e9n le informamos de su derecho a presentar una reclamaci\u00f3n ante la Agencia Espa\u00f1ola de Protecci\u00f3n de Datos, si considera que en el tratamiento de sus datos no se est\u00e1n respetando sus derechos.<\/span><\/p>\n<p><span style=\"font-weight: 400;\">LEGISLACI\u00d3N APLICABLE Y COMPETENCIA JURISDICCIONAL<\/span><\/p>\n<p><span style=\"font-weight: 400;\">El presente Aviso Legal se rige por la normativa espa\u00f1ola vigente que le es de aplicaci\u00f3n.<\/span><\/p>\n<p><span style=\"font-weight: 400;\">Para la resoluci\u00f3n de las controversias que pudieran derivarse como consecuencia de lo dispuesto en las presentes disposiciones y sobre su interpretaci\u00f3n, aplicaci\u00f3n y cumplimiento, el usuario, en virtud de la aceptaci\u00f3n de las condiciones recogidas en este Aviso legal, renuncia expresamente a cualquier otro fuero que pudiera corresponderle.<\/span><\/p>\n<p><span style=\"font-weight: 400;\">En cualquier caso, dentro de la jurisdicci\u00f3n espa\u00f1ola, si la legislaci\u00f3n permitiese someterse a un fuero en concreto, el usuario renuncia expresamente al fuero que pudiera corresponderle y se somete voluntariamente a la jurisdicci\u00f3n de los Juzgados y Tribunales de BARCELONA.<\/span><\/p>\n<\/div><\/section><\/p><\/div>\n","protected":false},"excerpt":{"rendered":"","protected":false},"author":1,"featured_media":0,"parent":0,"menu_order":0,"comment_status":"closed","ping_status":"closed","template":"","meta":{"footnotes":""},"class_list":["post-45","page","type-page","status-publish","hentry"],"aioseo_notices":[],"_links":{"self":[{"href":"https:\/\/subvento.es\/es\/wp-json\/wp\/v2\/pages\/45","targetHints":{"allow":["GET"]}}],"collection":[{"href":"https:\/\/subvento.es\/es\/wp-json\/wp\/v2\/pages"}],"about":[{"href":"https:\/\/subvento.es\/es\/wp-json\/wp\/v2\/types\/page"}],"author":[{"embeddable":true,"href":"https:\/\/subvento.es\/es\/wp-json\/wp\/v2\/users\/1"}],"replies":[{"embeddable":true,"href":"https:\/\/subvento.es\/es\/wp-json\/wp\/v2\/comments?post=45"}],"version-history":[{"count":5,"href":"https:\/\/subvento.es\/es\/wp-json\/wp\/v2\/pages\/45\/revisions"}],"predecessor-version":[{"id":994,"href":"https:\/\/subvento.es\/es\/wp-json\/wp\/v2\/pages\/45\/revisions\/994"}],"wp:attachment":[{"href":"https:\/\/subvento.es\/es\/wp-json\/wp\/v2\/media?parent=45"}],"curies":[{"name":"wp","href":"https:\/\/api.w.org\/{rel}","templated":true}]}}